{"id":7,"date":"2023-05-08T19:10:44","date_gmt":"2023-05-08T19:10:44","guid":{"rendered":"https:\/\/populiariausihashtagai.com\/?page_id=7"},"modified":"2023-05-10T19:52:24","modified_gmt":"2023-05-10T19:52:24","slug":"populiariausi-hashtagai","status":"publish","type":"page","link":"https:\/\/populiariausihashtagai.com\/","title":{"rendered":"Populiariausi hashtagai"},"content":{"rendered":"\n<div class=\"wp-block-uagb-container uagb-block-64046d06 alignfull uagb-is-root-container\"><div class=\"uagb-container-inner-blocks-wrap\">\n<h2 class=\"wp-block-heading has-text-color\" style=\"color:#5bbab5;margin-top:var(--wp--preset--spacing--60);margin-right:0;margin-bottom:0;margin-left:0\"><strong><strong>&#8220;Instagram&#8221; geriausios hashtag&#8217;ai 2023 m: Kaip juos naudoti, kad padidintum\u0117te savo sek\u0117j\u0173 skai\u010di\u0173<\/strong><\/strong><\/h2>\n\n\n\n<p style=\"margin-top:0;margin-right:0;margin-bottom:var(--wp--preset--spacing--60);margin-left:0\">&#8220;Instagram&#8221; grota\u017eym\u0117s gali b\u016bti priblo\u0161kian\u010dios. Ypa\u010d tai girdime i\u0161 \u017emoni\u0173, kurie nori naudoti &#8220;Instagram&#8221; kaip rinkodaros priemon\u0119 arba u\u017esidirbti i\u0161 savo k\u016brybos. Laimei, turint \u0161iek tiek \u017eini\u0173 ir tinkam\u0173 \u012franki\u0173, i\u0161 ties\u0173 kiekvienas gali pasiekti dideli\u0173 tiksl\u0173 \u0161ioje platformoje ir gauti naudos i\u0161 skelbimo joje. Taigi \u0161iandien i\u0161samiai aptarsime atitinkam\u0173 &#8220;Instagram&#8221; grota\u017eymi\u0173 vaidmen\u012f &#8211; nes kai kalbama apie profilio pl\u0117tr\u0105, PRIVALOTE suprasti, koks svarbus j\u0173 vaidmuo j\u016bs\u0173 s\u0117kmei.<br><br>Kaip tikriausiai jau \u017einote, pastaraisiais metais &#8220;Instagram&#8221; tapo viena populiariausi\u0173 socialin\u0117s \u017einiasklaidos platform\u0173, kurioje per m\u0117nes\u012f aktyviai naudojasi daugiau nei du milijardai vartotoj\u0173. I\u0161 prad\u017ei\u0173 sukurta dalytis kvadratin\u0117mis nuotraukomis, \u0161i program\u0117l\u0117 greitai tapo turinio k\u016br\u0117j\u0173, influenceri\u0173 ir preki\u0173 \u017eenkl\u0173 savinink\u0173 centru, kuriame jie gali demonstruoti savo k\u016brybi\u0161kum\u0105, kurti savo min\u010di\u0173 i\u0161klotin\u0119, pasiekti platesn\u0119 auditorij\u0105 ir suburti bendramin\u010dius. Nors &#8220;Instagram&#8221; pirmiausia buvo platforma, skirta dalytis prisiminimais su draugais ir pramogauti, \u0161ie laikai jau seniai pra\u0117jo: dabar tai galinga rinkodaros priemon\u0117, leid\u017eianti u\u017emegzti ry\u0161ius su \u017emon\u0117mis visame pasaulyje, taip pat tapusi pagrindiniu daugelio k\u016br\u0117j\u0173 pajam\u0173 \u0161altiniu.<br><br>Norite su\u017einoti, kaip tapti vienu i\u0161 j\u0173 ir auginti savo &#8220;Instagram&#8221; profil\u012f strateginiu b\u016bdu? K\u0105 gi, jums pasisek\u0117, nes \u0161iame vadove daugiausia d\u0117mesio skirsime viskam, k\u0105 reikia \u017einoti apie &#8220;Instagram&#8221; hashtagus, kad padidintum\u0117te savo sek\u0117j\u0173 skai\u010di\u0173, augintum\u0117te i\u0161tikim\u0105 gent\u012f ir i\u0161vengtum\u0117te streso. Pasinerkime \u012f j\u012f!<\/p>\n<\/div><\/div>\n\n\n\n<div class=\"wp-block-uagb-container uagb-block-af056493 alignfull uagb-is-root-container\"><div class=\"uagb-container-inner-blocks-wrap\">\n<div class=\"wp-block-uagb-call-to-action uagb-block-36e2fee6 wp-block-button\"><div class=\"uagb-cta__wrap\"><h3 class=\"uagb-cta__title\">Patikrinkite, kurios hashtag&#8217;ai yra u\u017edrausti<\/h3><\/div><div class=\"uagb-cta__buttons\"><a href=\"https:\/\/iqhashtags.com\/\" class=\"uagb-cta__button-link-wrapper wp-block-button__link\" target=\"_self\" rel=\"noopener noreferrer\">Eiti \u012f program\u0105<\/a><\/div><\/div>\n<\/div><\/div>\n\n\n\n<div class=\"wp-block-uagb-container uagb-block-82ff9b08 alignfull uagb-is-root-container\"><div class=\"uagb-container-inner-blocks-wrap\">\n<h2 class=\"wp-block-heading has-text-color\" style=\"color:#5bbab5;margin-top:var(--wp--preset--spacing--60);margin-right:0;margin-bottom:0;margin-left:0\"><strong><strong><strong>Kas yra &#8220;Instagram&#8221; hashtagai?<\/strong><\/strong><\/strong><\/h2>\n\n\n\n<p class=\"has-text-color\" style=\"color:#eaeaea;margin-top:0;margin-right:0;margin-bottom:var(--wp--preset--spacing--60);margin-left:0\">Taigi, palaukite, kas tiksliai yra &#8220;Instagram&#8221; grota\u017eym\u0117s?<br><br>Hashtag&#8217;as &#8211; tai raid\u017ei\u0173 (kartais su skai\u010diais arba emotikonais) derinys, prie\u0161 kur\u012f ra\u0161omas simbolis # (pvz., #HashtagsAreImportant). Tai specifiniai \u017eod\u017eiai ir fraz\u0117s, kuriuos &#8220;Instagram&#8221; naudotojai naudoja ie\u0161komam turiniui rasti. Jos leid\u017eia jiems rasti atitinkam\u0105 turin\u012f, kai naudojasi &#8220;Instagram&#8221; paie\u0161kos sistema. Tokiu b\u016bdu, hashtagai padaro j\u016bs\u0173 turin\u012f lengviau surandam\u0105 ir kur kas labiau atrandam\u0105!<br><br>Kiekvien\u0105 hashtag&#8217;\u0105 galima spustel\u0117ti, t. y. naudotojai, spustel\u0117j\u0119 bet kur\u012f hashtag&#8217;\u0105 arba ie\u0161kodami hashtag&#8217;o, pamatys special\u0173 tyrin\u0117jimo puslap\u012f, kuriame bus rodomi kiti su tuo hashtag&#8217;u pa\u017eym\u0117ti \u012fra\u0161ai ir ritiniai.<br><br>Pavyzd\u017eiui, kai viename i\u0161 savo prane\u0161im\u0173 naudosite hashtag\u0105 #weddingdressinspiration, spustel\u0117j\u0119 \u0161\u012f hashtag\u0105, lankytojai atras vis\u0105 tyrin\u0117jimo puslap\u012f su pana\u0161iais \u012f j\u016bs\u0173 prane\u0161imais. \u017dinoma, tai veikia abiem kryptimis, tod\u0117l hashtag\u0173 naudojimas didina matomum\u0105 ir yra laikomas veiksmingiausiu b\u016bdu pasiekti nauj\u0105 auditorij\u0105.<br><br>Ha\u0161tagai taip pat yra veiksmingas b\u016bdas organizuoti turin\u012f, kur\u012f skelbiame. Jos padeda &#8220;Instagram&#8221; algoritmams suprasti j\u016bs\u0173 \u012fprastus \u012fra\u0161us, karuseles ar &#8220;Reels&#8221; ir suderinti juos su potencialiais sek\u0117jais &#8211; \u017emon\u0117mis, besidomin\u010diais j\u016bs\u0173 turiniu.<\/p>\n<\/div><\/div>\n\n\n\n<div class=\"wp-block-uagb-container uagb-block-53df1f7f alignfull uagb-is-root-container\"><div class=\"uagb-container-inner-blocks-wrap\">\n<h2 class=\"wp-block-heading has-text-color\" style=\"color:#5bbab5;margin-top:var(--wp--preset--spacing--60);margin-right:0;margin-bottom:0;margin-left:0\"><strong><strong><strong>Kod\u0117l tur\u0117tume naudoti hashtagus?<\/strong><\/strong><\/strong><\/h2>\n\n\n\n<p style=\"margin-top:0;margin-right:0;margin-bottom:0;margin-left:0\">&#8220;Instagram&#8221; yra labiausiai hashtagais paremta socialin\u0117s \u017einiasklaidos platforma. Paslaptis, kaip pritraukti tikslin\u0119 auditorij\u0105 ir padidinti savo gent\u012f, yra naudoti tinkamas ir tinkamiausias. Taip pat svarbu nepamir\u0161ti, kad &#8220;Instagram&#8221; algoritmai vaidina svarb\u0173 vaidmen\u012f m\u016bs\u0173 s\u0117kmei \u0161ioje platformoje, o naudodami geriausias hashtag&#8217;us padedame jiems suskirstyti m\u016bs\u0173 \u012fra\u0161us \u012f kategorijas, kad platformai b\u016bt\u0173 lengviau juos platinti.<br><br>Kod\u0117l \u012f kiekvien\u0105 &#8220;Instagram&#8221; \u012fra\u0161\u0105 tur\u0117tum\u0117te \u012ftraukti hashtagus?<\/p>\n\n\n\n<ul class=\"wp-block-list\" style=\"margin-top:0;margin-right:0;margin-bottom:0;margin-left:0\">\n<li>Hashtagai veikia kaip vis\u0173 &#8220;Instagram&#8221; \u012fra\u0161\u0173 biblioteka. D\u0117l j\u0173 j\u016bs\u0173 \u012fra\u0161ai ir &#8220;Reels&#8221; tampa lengvai aptinkami, o tai rei\u0161kia, kad tikslin\u0117 auditorija gali lengvai rasti tai, ko ie\u0161ko.<\/li>\n\n\n\n<li>&#8220;Instagram&#8221; grota\u017eym\u0117s padeda kurti \u012fsitraukusi\u0105 bendruomen\u0119, nes labiau tik\u0117tina, kad pritrauksite bendramin\u010di\u0173, kurie nuo\u0161ird\u017eiai domisi j\u016bs\u0173 ni\u0161a, ir jie taps lojaliais j\u016bs\u0173 genties nariais.<\/li>\n\n\n\n<li>Daugelis \u017emoni\u0173 nusprend\u017eia sekti savo m\u0117gstamus hashtagus, tod\u0117l turite puiki\u0105 galimyb\u0119 pasirodyti j\u0173 sraute su savo turiniu, net jei jie j\u016bs\u0173 dar neseka.<\/li>\n\n\n\n<li>Kai antra\u0161t\u0117je paskelbsite hashtag\u0105, j\u016bs\u0173 turinys bus rodomas to hashtago tyrin\u0117jimo puslapyje. Galite gauti papildomo matomumo, jei j\u016bs\u0173 \u012fra\u0161as pateks \u012f 9 geriausi\u0173j\u0173 s\u0105ra\u0161\u0105 pagal tam tikr\u0105 hashtag\u0105. Kaip jau \u017einote, kiekvienas hashtag&#8217;as turi savo tyrin\u0117jimo puslap\u012f. Hashtag puslapiuose pateikiami 9 geriausi \u012fra\u0161ai, kuriuos lydi ta hashtag (juose taip pat pateikiami naujausi \u012fra\u0161ai ir &#8220;Instagram Reels&#8221;).<\/li>\n\n\n\n<li>Hashta\u017eod\u017eiai yra gudrus b\u016bdas &#8220;Instagram&#8221; algoritmams suprasti, apie k\u0105 yra j\u016bs\u0173 turinys. Jie taip pat paai\u0161kina, kam prane\u0161imas yra aktualus ir kas j\u012f tur\u0117t\u0173 matyti.<\/li>\n<\/ul>\n\n\n\n<p><\/p>\n<\/div><\/div>\n\n\n\n<div class=\"wp-block-uagb-container uagb-block-a483f4ed alignfull uagb-is-root-container\"><div class=\"uagb-container-inner-blocks-wrap\">\n<h2 class=\"wp-block-heading has-text-color\" style=\"color:#5bbab5;margin-top:var(--wp--preset--spacing--60);margin-right:0;margin-bottom:0;margin-left:0\"><strong><strong><strong>Kaip i\u0161sirinkti geriausias &#8220;Instagram&#8221; \u017eymas?<\/strong><\/strong><\/strong><\/h2>\n\n\n\n<p class=\"has-text-color\" style=\"color:#eaeaea;margin-top:0;margin-right:0;margin-bottom:0;margin-left:0\">&#8220;Instagram&#8221; grota\u017eym\u0117s gali b\u016bti vienas veiksmingiausi\u0173 b\u016bd\u0173, kaip j\u016bs\u0173 profiliui organi\u0161kai pasiekti nauj\u0105 auditorij\u0105. Ta\u010diau nor\u0117dami protingai naudoti grota\u017eymes ir pasiekti, kad jos b\u016bt\u0173 naudingos jums (ir j\u016bs\u0173 matomumui platformoje!), turite suprasti, kaip jos veikia, ir apgalvoti savo grota\u017eym\u0117s strategij\u0105.<br><br>Prad\u0117kime nuo prakti\u0161kiausi\u0173 taktik\u0173, kurias galite i\u0161 karto \u012fdiegti \u012f savo hashtag\u0173 strategij\u0105.<\/p>\n\n\n\n<ol class=\"has-ast-global-color-6-color has-text-color wp-block-list\" style=\"margin-top:0;margin-right:0;margin-bottom:0;margin-left:0\">\n<li>Prie\u0161 skelbdami \u017einut\u0119, i\u0161tirkite tendencijas atitinkan\u010dias hashtag&#8217;us. \u0160is tyrimas pad\u0117s jums suprasti, ko \u017emon\u0117s \u0161iuo metu ie\u0161ko ir kok\u012f turin\u012f \u0161iuo metu vartoja da\u017eniausiai. Pavyzd\u017eiui, geriausi\u0173 su Kal\u0117domis susijusi\u0173 hashtag\u0173 paie\u0161kos apimtis pa\u0161\u0117lsta apie Kal\u0117d\u0173 1-\u0105j\u0105, o paskutin\u0119 gruod\u017eio savait\u0119 \u0161i tendencija suma\u017e\u0117ja. Leiskite pasakyti &#8211; atlikdami trendini\u0173 hashtag\u0173 tyrimus galite atrasti daug \u012fdomi\u0173 tendencij\u0173, kurios pad\u0117s jums geriau suprasti &#8220;Instagram&#8221; bendruomen\u0119. Protingas b\u016bdas atlikti trendini\u0173 hashtag\u0173 tyrim\u0105 &#8211; naudoti toki\u0105 priemon\u0119 kaip IQ Hashtags, kuri leid\u017eia \u012fvesti vien\u0105 su j\u016bs\u0173 ni\u0161a susijus\u012f rakta\u017eod\u012f ir parodys jums geriausiai susijusius hashtagus, susietus su j\u016bs\u0173 poreikiais. Tai puikus b\u016bdas atrasti tendencingus hashtagus savo \u012fra\u0161ams ir atskleisti tendencijas, kurios pagreitins j\u016bs\u0173 organin\u012f augim\u0105.<br><br><\/li>\n\n\n\n<li>Naudokite vietov\u0117s hashtagus. Jos yra puikus b\u016bdas, kaip pritraukti nauj\u0173 potenciali\u0173 sek\u0117j\u0173, nes jas galima tikslingai nukreipti ir lengvai rasti. Papildoma nauda? Taip galite padidinti savo vietos \u017einomum\u0105 ir u\u017emegzti ry\u0161\u012f su vietos bendruomene.<br><br><\/li>\n\n\n\n<li>I\u0161analizuokite, kurios hashtag\u0173 paie\u0161kos apimtis geriausiai atitinka j\u016bs\u0173 profilio dyd\u012f. Kuo bendresnis yra hashtag&#8217;as, tuo didesn\u0117 konkurencija, kad jis patekt\u0173 \u012f pirm\u0173j\u0173 de\u0161imties \u012fra\u0161\u0173 de\u0161imtuk\u0105 ir i\u0161likt\u0173 naujausi\u0173 \u012fra\u0161\u0173 skiltyje. Idealiu atveju norite naudoti su j\u016bs\u0173 \u012fra\u0161u ir \u017emoni\u0173, kuriuos norite pritraukti, tipu susijusius hashtagus &#8211; ir, \u017einoma, tuos, su kuriais turite galimyb\u0119 pasiekti populiariausi\u0173 \u012fra\u0161\u0173 skilt\u012f. Kaip atskirti, kuri paie\u0161kos apimtis \u0161iuo metu jums yra optimali? Prad\u0117kite nuo hashtag\u0173 na\u0161umo analiz\u0117s naudodami IQ Hashtags \u012frankio funkcij\u0105, kad gal\u0117tum\u0117te steb\u0117ti, kurie hashtagai suteikia jums didesn\u012f \u017einomum\u0105 ir kurio dyd\u017eio hashtagai jums geriausiai tinka.<br><br><\/li>\n\n\n\n<li>Su\u017einokite, kokias hashtagus naudoja j\u016bs\u0173 tikslin\u0117 auditorija. Kuo geresnes hashtag&#8217;us naudosite, tuo didesn\u0117 tikimyb\u0117, kad tapsite atrandami savo tikslin\u0117s auditorijos. Daugyb\u0117 auksini\u0173 hashtag\u0173 tinka \u012fvairioms ni\u0161oms, ta\u010diau pirmiausia turite i\u0161siai\u0161kinti, kurie hashtagai tinka J\u016aS\u0172 ni\u0161ai ir kurie pad\u0117s pritraukti bendramin\u010di\u0173 ir tikslin\u0117s auditorijos. M\u0105stykite kaip potencialus j\u016bs\u0173 sek\u0117jas &#8211; kokius rakta\u017eod\u017eius (hashtagus) jis \u012fvest\u0173, kad rast\u0173 jam \u012fdom\u0173 turin\u012f? \u0160io po\u017ei\u016brio nepamir\u0161kite tyrin\u0117dami naujus hashtagus &#8211; tai pad\u0117s \u012fsijausti ir m\u0105styti kaip j\u016bs\u0173 tikslin\u0117 auditorija, kad nustatytum\u0117te geriausias galimybes ar galimas kli\u016btis kelyje. Nepamir\u0161kite, kad galvokite kaip potencialus sek\u0117jas ir \u012ftraukite \u017eod\u017eius bei dalykus, kurie jam r\u016bp\u0117t\u0173.<br><\/li>\n<\/ol>\n\n\n\n<p><\/p>\n<\/div><\/div>\n\n\n\n<div class=\"wp-block-uagb-container uagb-block-b19f55a3 alignfull uagb-is-root-container\"><div class=\"uagb-container-inner-blocks-wrap\">\n<h2 class=\"wp-block-heading has-text-color\" style=\"color:#5bbab5;margin-top:var(--wp--preset--spacing--60);margin-right:0;margin-bottom:0;margin-left:0\"><strong><strong><strong><strong><strong>Populiariausios ir populiariausios &#8220;Instagram&#8221; hashtag&#8217;ai<\/strong><\/strong><\/strong><\/strong><\/strong><\/h2>\n\n\n\n<p style=\"margin-top:0;margin-right:0;margin-bottom:0;margin-left:0\">Strateginiai hashtag\u0173 tyrimai ir geriausi\u0173 hashtag\u0173, kurie labiausiai atitinka j\u016bs\u0173 ni\u0161\u0105, laikymasis yra raktas \u012f augim\u0105. Vis d\u0117lto retkar\u010diais nepakenks naudoti populiariausius ir labiausiai tendencingus hashtagus, kurie yra bendri ir perkrauti, bet kartais gali suteikti papildom\u0173 per\u017ei\u016br\u0173 ar patinka. Ar jums \u012fdomu, kokios hashtag&#8217;ai dabar yra \u0161iame s\u0105ra\u0161e?<br><br>#love #instagood #photography #photooftheday #instagram #art #nature #fashion #picoftheday #beautiful #travel #fitness #happy #likeforlikes #follow #style #photo #beauty #instadaily #followforfollowback #makeup #lifestyle #cute #summer #smile #girl #motivation #followme #model #life #instalike #like #design #food #me #tbt #music #sunset #dogsofinstagram #travelphotography #gym #naturephotography #family #artists #friends #handmade #dog #photographer #selfie #workout #fun #bhfyp #explore #interiordesign<br><br>Atminkite, kad nepiktnaud\u017eiaukite jomis, nes jos yra labai bendro pob\u016bd\u017eio ir nepritrauks j\u016bs\u0173 tikslin\u0117s auditorijos ir vertingiausi\u0173, \u012fsitraukusi\u0173 sek\u0117j\u0173. Vis d\u0117lto, jei retkar\u010diais prid\u0117site vien\u0105 i\u0161 j\u0173, neturite d\u0117l ko nerimauti. Tiesiog nepamir\u0161kite, kad gerai orientuotos hashtag&#8217;ai, kuriuos rasite atlikdami konkre\u010di\u0173 hashtag&#8217;\u0173 tyrimus, yra aukso vert\u0117s, o populiariausi, perpildyti hashtag&#8217;ai, prie\u0161ingai, n\u0117ra aukso vert\u0117s.<\/p>\n\n\n\n<p><\/p>\n<\/div><\/div>\n\n\n\n<div class=\"wp-block-uagb-container uagb-block-8c124e82 alignfull uagb-is-root-container\"><div class=\"uagb-container-inner-blocks-wrap\">\n<h2 class=\"wp-block-heading has-text-color\" style=\"color:#5bbab5;margin-top:var(--wp--preset--spacing--60);margin-right:0;margin-bottom:0;margin-left:0\"><strong><strong><strong><strong>DUK apie &#8220;Instagram&#8221; hashtagus<\/strong><\/strong><\/strong><\/strong><\/h2>\n\n\n\n<p class=\"has-text-color\" style=\"color:#eaeaea;margin-top:0;margin-right:0;margin-bottom:0;margin-left:0\">Pareng\u0117me DUK, kuriuose apibendrinti visi da\u017eniausiai gaunami &#8220;Instagram&#8221; hashtag\u0173 klausimai, nes, kaip sakoma sename posakyje, &#8220;Klausim\u0173 u\u017edavimas yra pirmas b\u016bdas prad\u0117ti poky\u010dius&#8221;. Mums patinka klausimai, jei juos u\u017eduodate!<\/p>\n\n\n\n<p class=\"has-text-color\" style=\"color:#eaeaea\"><em><strong><strong><em>Kiek hashtag\u0173 tur\u0117\u010diau naudoti savo \u012fra\u0161uose?<\/em><\/strong><\/strong><\/em><br><br>\u012e kiekvien\u0105 \u012fra\u0161\u0105 galite \u012ftraukti iki 30 \u017eym\u0173 (o \u012f &#8220;Instagram&#8221; istorij\u0105 &#8211; iki 10 \u017eym\u0173). Jei \u012fvesite daugiau \u017eym\u0173, antra\u0161t\u0117 nebus paskelbta, o vietoj kruop\u0161\u010diai parengtos antra\u0161t\u0117s matysite tu\u0161\u010di\u0105 viet\u0105, tod\u0117l saugiausia pasirinkti 25-30 \u017eym\u0173.<br><br>Darant prielaid\u0105, kad socialin\u0117s \u017einiasklaidos pasaulyje da\u017enai daugiau yra geriau, ar tur\u0117tum\u0117te naudoti maksimal\u0173 hashtag\u0173 skai\u010di\u0173? Nenustebinsime j\u016bs\u0173: taip, bet tik tuo atveju, jei galite rasti 30 tinkam\u0173 hashtag\u0173, susijusi\u0173 su j\u016bs\u0173 ni\u0161a. Tokiu b\u016bdu kiekvienas hashtag&#8217;as suteikia jums galimyb\u0119 u\u017emegzti ry\u0161\u012f su naujais potencialiais sek\u0117jais, o kiekvienas hashtag&#8217;as gali b\u016bti labai svarbus.<em><br><\/em><br><em><strong><strong><em>Kaip da\u017enai tur\u0117\u010diau atnaujinti savo hashtagus?<\/em><\/strong><\/strong><br><\/em><br>Protingas b\u016bdas nustatyti, kurios hashtag&#8217;ai jums padeda, yra steb\u0117ti hashtag&#8217;\u0173 na\u0161um\u0105 (naudodami anks\u010diau min\u0117t\u0105 \u012frank\u012f) ir sekti hashtag&#8217;us, su kuriais pasiekiate &#8220;geriausius \u012fra\u0161us&#8221;. Tada toliau skelbkite \u0161ias \u017einutes, o likusias keiskite, kol j\u016bs\u0173 \u012fsitraukimo rodikliai v\u0117l pager\u0117s.<br><br><strong><em><strong><em>Ar verta \u012f senus \u012fra\u0161us \u012ftraukti hashtagus?<\/em><\/strong><\/em><\/strong><br><br>Kai prid\u0117site hashtag&#8217;\u0105 pra\u0117jus daug laiko po nuotraukos ar &#8220;Reel&#8221; paskelbimo, prane\u0161imas bus \u012ftrauktas \u012f hashtag&#8217;\u0173 kanal\u0105, ta\u010diau atgaline data. Tai rei\u0161kia, kad j\u016bs\u0173 turinys bus rodomas hashtag\u0173 kanale, ta\u010diau naudotojai tur\u0117s slinkti atgal laike, kad j\u012f rast\u0173 toje skiltyje.<\/p>\n<\/div><\/div>\n\n\n\n<div class=\"wp-block-uagb-container uagb-block-9409caa0 alignfull uagb-is-root-container\"><div class=\"uagb-container-inner-blocks-wrap\">\n<div class=\"wp-block-uagb-call-to-action uagb-block-c0a15df9 wp-block-button\"><div class=\"uagb-cta__wrap\"><h3 class=\"uagb-cta__title\">Patikrinkite, kurios hashtag&#8217;ai yra u\u017edrausti<\/h3><\/div><div class=\"uagb-cta__buttons\"><a href=\"https:\/\/iqhashtags.com\/\" class=\"uagb-cta__button-link-wrapper wp-block-button__link\" target=\"_self\" rel=\"noopener noreferrer\">Eiti \u012f program\u0105<\/a><\/div><\/div>\n<\/div><\/div>\n","protected":false},"excerpt":{"rendered":"","protected":false},"author":1,"featured_media":0,"parent":0,"menu_order":0,"comment_status":"closed","ping_status":"closed","template":"","meta":{"_uag_custom_page_level_css":"","site-sidebar-layout":"default","site-content-layout":"default","ast-global-header-display":"","ast-main-header-display":"","ast-hfb-above-header-display":"","ast-hfb-below-header-display":"","ast-hfb-mobile-header-display":"","site-post-title":"disabled","ast-breadcrumbs-content":"","ast-featured-img":"","footer-sml-layout":"","theme-transparent-header-meta":"","adv-header-id-meta":"","stick-header-meta":"","header-above-stick-meta":"","header-main-stick-meta":"","header-below-stick-meta":"","footnotes":""},"class_list":["post-7","page","type-page","status-publish","hentry"],"uagb_featured_image_src":{"full":false,"thumbnail":false,"medium":false,"medium_large":false,"large":false,"1536x1536":false,"2048x2048":false},"uagb_author_info":{"display_name":"admin","author_link":"https:\/\/populiariausihashtagai.com\/author\/admin\/"},"uagb_comment_info":0,"uagb_excerpt":null,"_links":{"self":[{"href":"https:\/\/populiariausihashtagai.com\/index.php\/wp-json\/wp\/v2\/pages\/7","targetHints":{"allow":["GET"]}}],"collection":[{"href":"https:\/\/populiariausihashtagai.com\/index.php\/wp-json\/wp\/v2\/pages"}],"about":[{"href":"https:\/\/populiariausihashtagai.com\/index.php\/wp-json\/wp\/v2\/types\/page"}],"author":[{"embeddable":true,"href":"https:\/\/populiariausihashtagai.com\/index.php\/wp-json\/wp\/v2\/users\/1"}],"replies":[{"embeddable":true,"href":"https:\/\/populiariausihashtagai.com\/index.php\/wp-json\/wp\/v2\/comments?post=7"}],"version-history":[{"count":4,"href":"https:\/\/populiariausihashtagai.com\/index.php\/wp-json\/wp\/v2\/pages\/7\/revisions"}],"predecessor-version":[{"id":27,"href":"https:\/\/populiariausihashtagai.com\/index.php\/wp-json\/wp\/v2\/pages\/7\/revisions\/27"}],"wp:attachment":[{"href":"https:\/\/populiariausihashtagai.com\/index.php\/wp-json\/wp\/v2\/media?parent=7"}],"curies":[{"name":"wp","href":"https:\/\/api.w.org\/{rel}","templated":true}]}}